{"id":103,"date":"2020-01-05T21:58:07","date_gmt":"2020-01-05T19:58:07","guid":{"rendered":"http:\/\/testi.koiratuotteet.fi\/?page_id=103"},"modified":"2026-03-11T17:10:48","modified_gmt":"2026-03-11T15:10:48","slug":"ajankohtaista","status":"publish","type":"page","link":"https:\/\/www.pollarinmetsastysseura.fi\/index.php\/ajankohtaista\/","title":{"rendered":"Ajankohtaista"},"content":{"rendered":"\n<h2 class=\"wp-block-heading\">hirvikokous<\/h2>\n\n\n\n<p>Hirviporukan kokous 22.3 klo 18.00 majalla tervetuloa.<\/p>\n\n\n\n<h2 class=\"wp-block-heading\">Pilkkitapahtuma<\/h2>\n\n\n\n<p>Pollarin mets\u00e4stysseura j\u00e4rjest\u00e4\u00e4 lauantaina 21.3 pilkkitapahtuman Iso valkeisella. Kokoontuminen majalle klo 9.00 pilkki aika 9.30-13.00. Seura tarjoaa majalla makkarat. <\/p>\n\n\n\n<p><\/p>\n\n\n\n<h2 class=\"wp-block-heading\">Reviiri<\/h2>\n\n\n\n<p>Reviiri tunnukset saa laittamalla viesti\u00e4 joko puheenjohtajalle sihteerille tai seuran s\u00e4hk\u00f6postiin. Reviiri ei viel\u00e4 ole aivan t\u00e4ysin ajan tasalla jos n\u00e4ette sellaisia maapaloja jonka omistajan tied\u00e4tte laittakaa viestill\u00e4 tilannumero ja omistajan nimi puheenjohtajalle tai sihteerille niin selvitell\u00e4\u00e4n asia ja lis\u00e4t\u00e4\u00e4n tiedot&nbsp;reviiriin.<\/p>\n\n\n\n<h2 class=\"wp-block-heading\">OMAMETSO<\/h2>\n\n\n\n<p><a href=\"https:\/\/metsastajaliitto.fi\/omametso-palvelun-kayttoonotto\">https:\/\/metsastajaliitto.fi\/omametso-palvelun-kayttoonotto<\/a><\/p>\n\n\n\n<p>Ohje omametso j\u00e4rjestelm\u00e4n k\u00e4ytt\u00f6\u00f6n ottamiseksi. Jos s\u00e4hk\u00f6postiosoitetta ei ole viel\u00e4 kirjattu  MetsoRekisterin tietoihin ota yhteytt\u00e4  <a rel=\"noreferrer noopener\" href=\"mailto:pollarinms@gmail.com\" target=\"_blank\">pollarinms@gmail.com<\/a> tai laita viesti\u00e4 Pertti Palom\u00e4elle.<\/p>\n\n\n\n<p><\/p>\n\n\n\n<p><\/p>\n\n\n\n<h2 class=\"wp-block-heading\">UUSI TILINUMERO.<\/h2>\n\n\n\n<p>Seura on vaihtanut pankkia joten tilinumerokin vaihtuu. Uusi tilinumero on FI66 4108 0012 0823 87. <\/p>\n\n\n\n<h2 class=\"wp-block-heading\">P\u00c4IV\u00c4KORTTI.<\/h2>\n\n\n\n<p>Kun seuran p\u00e4iv\u00e4korttia maksetaan tulee se ehdottomasti maksaa seuran tilille  seuran tilille(  FI66 4108 0012 0823 87 ) EI mets\u00e4styskortissa olevalle tilille. Mets\u00e4styskortissa oleva tilinumero on Mets\u00e4st\u00e4j\u00e4liiton numero.  P\u00e4iv\u00e4kortin hinta mets\u00e4styskaudelle 2024-2025 on  P\u00e4iv\u00e4kortin hinta 15 \u20ac \/ p\u00e4iv\u00e4. P\u00e4iv\u00e4kortilla saa ampua yhden (1) kauriin \/ p\u00e4iv\u00e4. Kiinti\u00f6 yksi kanalintu, joka v\u00e4hennet\u00e4\u00e4n kutsujan kiinti\u00f6st\u00e4 ja muuten seuran j\u00e4senen s\u00e4\u00e4nn\u00f6t. Seuran j\u00e4senen oltava mukana jahdissa. Ilmoittakaa johtokunnan j\u00e4senelle jos tuotte vieraan jahtiin. <\/p>\n\n\n\n<h2 class=\"wp-block-heading\">Kausikortti vieraille<\/h2>\n\n\n\n<p>kausikortti vieraille 85 euroa. Maksu seuran tilille  seuran tilille.(  FI66 4108 0012 0823 87 )   Johtokunta p\u00e4\u00e4tt\u00e4\u00e4 korttien my\u00f6nt\u00e4misest\u00e4. Kausikorttilaisen mukana ei tarvitse olla seuran j\u00e4sent\u00e4. Kausikortilla saa jatkossa mets\u00e4st\u00e4\u00e4 kaurista yksin\u00e4\u00e4n. Kiinti\u00f6 3 kaurista mets\u00e4styskausi. Riistakiinti\u00f6 3 kanalintua. Metso, peltopyy ja fasaani rauhoitettu  Kausikortilla ei saa mets\u00e4st\u00e4\u00e4 <strong>metsoa<\/strong>.    Johtokunta p\u00e4\u00e4tt\u00e4\u00e4 kenelle kausikortteja my\u00f6nnet\u00e4\u00e4n. Johtokunnalle oikeudet peruuttaa kausikortti kesken kauden. <\/p>\n\n\n\n<p><\/p>\n\n\n\n<h2 class=\"wp-block-heading\"> WhatsApp ryhm\u00e4\u00e4n liittyminen. <\/h2>\n\n\n\n<p>Jos haluaa p\u00e4\u00e4st\u00e4 seuran WhatsApp ryhm\u00e4\u00e4n niin ilmoita puhelinnumero joko Johanna Pollarille, Joonas Mannilalle, tai Pertti Palom\u00e4elle. Whatsapp ryhm\u00e4\u00e4n voi my\u00f6s liitty\u00e4 l\u00e4hett\u00e4m\u00e4ll\u00e4 s\u00e4hk\u00f6postia <a href=\"mailto:pollarinms@gmail.com\" target=\"_blank\" rel=\"noreferrer noopener\">pollarinms@gmail.com<\/a><\/p>\n\n\n\n<h2 class=\"wp-block-heading\"><\/h2>\n\n\n\n<h2 class=\"wp-block-heading\">Kes\u00e4kokous  27.7.2025 p\u00e4\u00e4t\u00f6ksi\u00e4.<\/h2>\n\n\n\n<p><\/p>\n\n\n\n<p>-mets\u00e4styksess\u00e4 noudatetaan valtion aikoja.<\/p>\n\n\n\n<p>Riistakiinti\u00f6 3 kanalintua, joista 1 kpl voi olla metso. Naaras teeri, koppelo, peltopyy fasaani rauhoitettu.   <\/p>\n\n\n\n<p>Vahinkoel\u00e4inten mets\u00e4stys (kettu ,supi yms) J\u00e4sen saa tuoda maksutta yhden ulkopuolisen vahinkoel\u00e4inmets\u00e4lle ilman p\u00e4iv\u00e4korttia, kun tekee ilmoituksen johtokunnan j\u00e4senelle.<\/p>\n\n\n\n<p>-joulurauha 24-25 12 eli kaikki mets\u00e4stys kielletty.<\/p>\n\n\n\n<p>-hoidetut mets\u00e4kanalintujen ruokintapaikat rauhoitettu 300 metrin s\u00e4teell\u00e4.<\/p>\n\n\n\n<p class=\"has-text-align-left\">Kauriinmets\u00e4styksess\u00e4 ei kiinti\u00f6t\u00e4, mutta ilmoitus seuran puheenjohtajalle saalista. <strong>lis\u00e4ksi muistakaa lakis\u00e4\u00e4teinen saalisilmoitus omariistassa<\/strong><\/p>\n\n\n\n<p>-seuraavat j\u00e4rvet rauhoitetaan sorsastukselta: Neva-Aijalainen, Iso-Valkeinen, Korpilampi ja Kaidesj\u00e4rvi <\/p>\n\n\n\n<p>Ei hyv\u00e4ksyt\u00e4 ulkopuolisia koirankouluttajia seuran alueelle. Koemaastoja voi johtokunta my\u00f6nt\u00e4\u00e4<\/p>\n\n\n\n<p>-Isojakokunnan kortteja myy Toni Raiski.<\/p>\n\n\n\n<p>-j\u00e4seni\u00e4 muistutetaan ett\u00e4 maaston roskaaminen ehdottomasti kielletty. Kaikki mit\u00e4 mets\u00e4\u00e4n vied\u00e4\u00e4n tuodaan sielt\u00e4 my\u00f6s pois. Varsinkin haulikon hylsyt pit\u00e4\u00e4 ehdottomasti tuoda maastosta pois.<\/p>\n\n\n\n<p>-Savikiekkojen ammunta seuran ampumaradalla on kielletty.<\/p>\n\n\n\n<p>-saalisilmoitus j\u00e4tet\u00e4\u00e4n joko oma riistan kautta tai seuran s\u00e4hk\u00f6postiosoitteeseen (pollarinms(at)gmail.com). Saalisilmoitus pit\u00e4\u00e4 j\u00e4tt\u00e4\u00e4 vaikka ei olisi saanut saalista.<\/p>\n\n\n\n<p>&#8211; jahtiin ment\u00e4ess\u00e4 kiinnitt\u00e4k\u00e4\u00e4 huomiota mihin j\u00e4t\u00e4tte autonne. Teiden liittymien ja ajourien kulun est\u00e4mist\u00e4 ei saa esiinty\u00e4 miss\u00e4n muodossa. My\u00f6s pellolla autolla ajaminen on kielletty.<\/p>\n\n\n\n<p>Mik\u00e4li vuokrattujen alueiden omistajat ovat vaihtuneet\/alue myyty, ilmoitus johtokunnan j\u00e4senelle, jotta Reviiriin saadaan tiedot p\u00e4ivitetty\u00e4 <\/p>\n\n\n\n<p>Hirvikoemaastot hirven mets\u00e4styksen ulkopuolella <\/p>\n\n\n\n<p><\/p>\n\n\n\n<p><\/p>\n","protected":false},"excerpt":{"rendered":"<p>hirvikokous Hirviporukan kokous 22.3 klo 18.00 majalla tervetuloa. Pilkkitapahtuma Pollarin mets\u00e4stysseura j\u00e4rjest\u00e4\u00e4 lauantaina 21.3 pilkkitapahtuman Iso valkeisella. Kokoontuminen majalle klo 9.00 pilkki aika 9.30-13.00. Seura tarjoaa majalla makkarat. Reviiri Reviiri tunnukset saa laittamalla viesti\u00e4 joko puheenjohtajalle sihteerille tai seuran s\u00e4hk\u00f6postiin. Reviiri ei viel\u00e4 ole aivan t\u00e4ysin ajan tasalla jos n\u00e4ette sellaisia maapaloja jonka omistajan tied\u00e4tte &hellip; <a href=\"https:\/\/www.pollarinmetsastysseura.fi\/index.php\/ajankohtaista\/\" class=\"more-link\">Jatka lukemista <span class=\"screen-reader-text\">Ajankohtaista<\/span> <span class=\"meta-nav\">&rarr;<\/span><\/a><\/p>\n","protected":false},"author":1,"featured_media":0,"parent":0,"menu_order":1,"comment_status":"closed","ping_status":"closed","template":"","meta":{"ngg_post_thumbnail":0,"footnotes":""},"class_list":["post-103","page","type-page","status-publish","hentry"],"_links":{"self":[{"href":"https:\/\/www.pollarinmetsastysseura.fi\/index.php\/wp-json\/wp\/v2\/pages\/103","targetHints":{"allow":["GET"]}}],"collection":[{"href":"https:\/\/www.pollarinmetsastysseura.fi\/index.php\/wp-json\/wp\/v2\/pages"}],"about":[{"href":"https:\/\/www.pollarinmetsastysseura.fi\/index.php\/wp-json\/wp\/v2\/types\/page"}],"author":[{"embeddable":true,"href":"https:\/\/www.pollarinmetsastysseura.fi\/index.php\/wp-json\/wp\/v2\/users\/1"}],"replies":[{"embeddable":true,"href":"https:\/\/www.pollarinmetsastysseura.fi\/index.php\/wp-json\/wp\/v2\/comments?post=103"}],"version-history":[{"count":115,"href":"https:\/\/www.pollarinmetsastysseura.fi\/index.php\/wp-json\/wp\/v2\/pages\/103\/revisions"}],"predecessor-version":[{"id":746,"href":"https:\/\/www.pollarinmetsastysseura.fi\/index.php\/wp-json\/wp\/v2\/pages\/103\/revisions\/746"}],"wp:attachment":[{"href":"https:\/\/www.pollarinmetsastysseura.fi\/index.php\/wp-json\/wp\/v2\/media?parent=103"}],"curies":[{"name":"wp","href":"https:\/\/api.w.org\/{rel}","templated":true}]}}