{"id":245,"date":"2020-01-05T22:31:35","date_gmt":"2020-01-05T20:31:35","guid":{"rendered":"http:\/\/testi.koiratuotteet.fi\/?page_id=245"},"modified":"2025-10-04T17:47:24","modified_gmt":"2025-10-04T14:47:24","slug":"kuvagalleria","status":"publish","type":"page","link":"https:\/\/www.pollarinmetsastysseura.fi\/index.php\/kuvagalleria\/","title":{"rendered":"Kuvagalleria"},"content":{"rendered":"\n<p><a href=\"https:\/\/www.pollarinmetsastysseura.fi\/index.php\/kuvagalleria\/kuvia-seuran-alueelta\/\">Kuvia seuran alueelta<\/a><\/p>\n\n\n\n<p><a href=\"https:\/\/www.pollarinmetsastysseura.fi\/index.php\/kuvagalleria\/metsastyskuvia\/\">Mets\u00e4styskuvia<\/a><\/p>\n\n\n\n<p><a href=\"https:\/\/www.pollarinmetsastysseura.fi\/index.php\/kuvagalleria\/sekalaisia-kuvia\/\">Sekalaisia kuvia<\/a><\/p>\n\n\n\n<p><a href=\"https:\/\/www.pollarinmetsastysseura.fi\/index.php\/kuvagalleria\/vanhoja-kuvia\/\">Vanhoja kuvia<\/a><\/p>\n\n\n\n<p><a href=\"https:\/\/www.pollarinmetsastysseura.fi\/index.php\/kuvagalleria\/riistakamerakuvia\/\">Riistakamerakuvia<\/a><\/p>\n\n\n\n<p><a href=\"https:\/\/www.pollarinmetsastysseura.fi\/index.php\/kuvagalleria\/hirvenmetsastys\/\">Hirvenmets\u00e4stys<\/a><\/p>\n\n\n\n<p><a href=\"https:\/\/www.pollarinmetsastysseura.fi\/index.php\/kuvagalleria\/Talkookuvia-2017\/\">Talkookuvia<\/a><\/p>\n\n\n\n<p><a href=\"https:\/\/www.pollarinmetsastysseura.fi\/?page_id=734\" data-type=\"page\" data-id=\"734\">Hirviporukan k\u00f6kk\u00e4p\u00e4iv\u00e4 4.10.2025<\/a>\u00a0<\/p>\n\n\n\n<figure class=\"wp-block-gallery has-nested-images columns-default is-cropped wp-block-gallery-1 is-layout-flex wp-block-gallery-is-layout-flex\"><\/figure>\n\n\n\n<p><\/p>\n","protected":false},"excerpt":{"rendered":"<p>Kuvia seuran alueelta Mets\u00e4styskuvia Sekalaisia kuvia Vanhoja kuvia Riistakamerakuvia Hirvenmets\u00e4stys Talkookuvia Hirviporukan k\u00f6kk\u00e4p\u00e4iv\u00e4 4.10.2025\u00a0<\/p>\n","protected":false},"author":1,"featured_media":0,"parent":0,"menu_order":4,"comment_status":"closed","ping_status":"closed","template":"","meta":{"ngg_post_thumbnail":0,"footnotes":""},"class_list":["post-245","page","type-page","status-publish","hentry"],"_links":{"self":[{"href":"https:\/\/www.pollarinmetsastysseura.fi\/index.php\/wp-json\/wp\/v2\/pages\/245","targetHints":{"allow":["GET"]}}],"collection":[{"href":"https:\/\/www.pollarinmetsastysseura.fi\/index.php\/wp-json\/wp\/v2\/pages"}],"about":[{"href":"https:\/\/www.pollarinmetsastysseura.fi\/index.php\/wp-json\/wp\/v2\/types\/page"}],"author":[{"embeddable":true,"href":"https:\/\/www.pollarinmetsastysseura.fi\/index.php\/wp-json\/wp\/v2\/users\/1"}],"replies":[{"embeddable":true,"href":"https:\/\/www.pollarinmetsastysseura.fi\/index.php\/wp-json\/wp\/v2\/comments?post=245"}],"version-history":[{"count":3,"href":"https:\/\/www.pollarinmetsastysseura.fi\/index.php\/wp-json\/wp\/v2\/pages\/245\/revisions"}],"predecessor-version":[{"id":724,"href":"https:\/\/www.pollarinmetsastysseura.fi\/index.php\/wp-json\/wp\/v2\/pages\/245\/revisions\/724"}],"wp:attachment":[{"href":"https:\/\/www.pollarinmetsastysseura.fi\/index.php\/wp-json\/wp\/v2\/media?parent=245"}],"curies":[{"name":"wp","href":"https:\/\/api.w.org\/{rel}","templated":true}]}}