{"id":263,"date":"2020-01-05T22:38:17","date_gmt":"2020-01-05T20:38:17","guid":{"rendered":"http:\/\/testi.koiratuotteet.fi\/?page_id=263"},"modified":"2025-10-09T23:22:25","modified_gmt":"2025-10-09T20:22:25","slug":"yhteystiedot","status":"publish","type":"page","link":"https:\/\/www.pollarinmetsastysseura.fi\/index.php\/yhteystiedot\/","title":{"rendered":"Yhteystiedot"},"content":{"rendered":"<p>Ota meihin yhteytt\u00e4 <a href=\"https:\/\/www.pollarinmetsastysseura.fi\/index.php\/yhteystiedot\/laheta-viesti\/\">palautelomakkeemme<\/a> kautta tai l\u00e4het\u00e4 s\u00e4hk\u00f6postia seuran s\u00e4hk\u00f6postiin.<\/p>\n<p><strong>S\u00e4hk\u00f6postiosoite:<\/strong><\/p>\n<p>pollarinms(at)gmail.com<\/p>\n<p><strong>Seuran tilinumero:<\/strong><\/p>\n<p>FI66 4108 0012 0823 87.<\/p>\n<p><strong>Seuran maja:<\/strong><\/p>\n<p>Kaidesj\u00e4rventie 372<br \/>Alavus<\/p>\n<p><strong>Seuran postiosoite<\/strong><\/p>\n<p>Tervaskalliontie 1 as 2<\/p>\n<p>63300 Alavus<\/p>\n<p><strong>Johtokunnan kokoonpano v. 2024<\/strong><\/p>\n<p><em>Puheenjohtaja<\/em><\/p>\n<p>Pertti Palom\u00e4ki p.040 865 7936<\/p>\n<p><em>Varapuheenjohtaja<\/em><\/p>\n<p>Toni Raiski p. 040 8494816<\/p>\n<p><em>seuran sihteeri<\/em><\/p>\n<p>Karoliina Koitela p. 040 4131395<\/p>\n<p><em>Rahastonhoitaja:<\/em><\/p>\n<p>Tapio M\u00e4enp\u00e4\u00e4 p. 0400 564 644<\/p>\n<p><em>J\u00e4senet:<\/em><\/p>\n<p>Pauli Juurakko<\/p>\n<p>Maarit Palom\u00e4ki<\/p>\n<p>Pekka Lehtisaari<\/p>\n<p>Aimo Raiski<\/p>\n<p>Sakari M\u00e4kiranta<\/p>\n<p><em>Villisianmets\u00e4stys:\u00a0 \u00a0 \u00a0 \u00a0 \u00a0 \u00a0 \u00a0 \u00a0 \u00a0 \u00a0 \u00a0 \u00a0 \u00a0 \u00a0 \u00a0 \u00a0 \u00a0 \u00a0 \u00a0 \u00a0 \u00a0 \u00a0 \u00a0 \u00a0 \u00a0 \u00a0 \u00a0 \u00a0 \u00a0 \u00a0 \u00a0 \u00a0 \u00a0 \u00a0 \u00a0 \u00a0 \u00a0 \u00a0 \u00a0 \u00a0 \u00a0 \u00a0 \u00a0 \u00a0 \u00a0 \u00a0 \u00a0 \u00a0 \u00a0 \u00a0 \u00a0 \u00a0 \u00a0 \u00a0 \u00a0 \u00a0 \u00a0 \u00a0 \u00a0 \u00a0 \u00a0 \u00a0 \u00a0 \u00a0 \u00a0 \u00a0 \u00a0 \u00a0 \u00a0 \u00a0 \u00a0 \u00a0 \u00a0 \u00a0 \u00a0 \u00a0 \u00a0 \u00a0 \u00a0 \u00a0 \u00a0 \u00a0 \u00a0 \u00a0 \u00a0 \u00a0 \u00a0 \u00a0 \u00a0 \u00a0 \u00a0 \u00a0 \u00a0 \u00a0 \u00a0 \u00a0 \u00a0 \u00a0 \u00a0 \u00a0 \u00a0 \u00a0 \u00a0 \u00a0 \u00a0 \u00a0 \u00a0 \u00a0 \u00a0 \u00a0 \u00a0 \u00a0 \u00a0 \u00a0 \u00a0 \u00a0 \u00a0 \u00a0 \u00a0 \u00a0 \u00a0 \u00a0 \u00a0 \u00a0 \u00a0 \u00a0 \u00a0 \u00a0 \u00a0 \u00a0 \u00a0 \u00a0 \u00a0 \u00a0 \u00a0 \u00a0 \u00a0 \u00a0 \u00a0 \u00a0 \u00a0 \u00a0 \u00a0 \u00a0 \u00a0 \u00a0 \u00a0 \u00a0 \u00a0 \u00a0 \u00a0 \u00a0 \u00a0 \u00a0 \u00a0 \u00a0 \u00a0 \u00a0 \u00a0 \u00a0 \u00a0 \u00a0 \u00a0 \u00a0 \u00a0 \u00a0 \u00a0 \u00a0 \u00a0 \u00a0 \u00a0<\/em>Jorma Jokela, Martti Juurakko<\/p>\n<p><em>Karhunmets\u00e4stys:<\/em>\u00a0 \u00a0 \u00a0 \u00a0 \u00a0 \u00a0 \u00a0 \u00a0 \u00a0 \u00a0 \u00a0 \u00a0 \u00a0 \u00a0 \u00a0 \u00a0 \u00a0 \u00a0 \u00a0 \u00a0 \u00a0 \u00a0 \u00a0 \u00a0 \u00a0 \u00a0 \u00a0 \u00a0 \u00a0 \u00a0 \u00a0 \u00a0 \u00a0 \u00a0 \u00a0 \u00a0 \u00a0 \u00a0 \u00a0 \u00a0 \u00a0 \u00a0 \u00a0 \u00a0 \u00a0 \u00a0 \u00a0 \u00a0 \u00a0 \u00a0 \u00a0 \u00a0 \u00a0 \u00a0 \u00a0 \u00a0 \u00a0 \u00a0 \u00a0 \u00a0 \u00a0 \u00a0 \u00a0 \u00a0 \u00a0 \u00a0 \u00a0 \u00a0 \u00a0 \u00a0 \u00a0 \u00a0 \u00a0 \u00a0 \u00a0 \u00a0 \u00a0 \u00a0 \u00a0 \u00a0 \u00a0 \u00a0 \u00a0 \u00a0 \u00a0 \u00a0 \u00a0 \u00a0 \u00a0 \u00a0 \u00a0 \u00a0 \u00a0 \u00a0 \u00a0 \u00a0 \u00a0 \u00a0 \u00a0 \u00a0 \u00a0 \u00a0 \u00a0 \u00a0 \u00a0 \u00a0 \u00a0 \u00a0 \u00a0 \u00a0 \u00a0 \u00a0 \u00a0 \u00a0 \u00a0 \u00a0 \u00a0 \u00a0 \u00a0 \u00a0 \u00a0 \u00a0 \u00a0 \u00a0 \u00a0 \u00a0 \u00a0 \u00a0 \u00a0 \u00a0 \u00a0 \u00a0 \u00a0 \u00a0 \u00a0 \u00a0 \u00a0 \u00a0 \u00a0 \u00a0 \u00a0 \u00a0 \u00a0 \u00a0 \u00a0 \u00a0 \u00a0 \u00a0 \u00a0 \u00a0 \u00a0 \u00a0 \u00a0 \u00a0 \u00a0 \u00a0 \u00a0 \u00a0 \u00a0 \u00a0 \u00a0 \u00a0 \u00a0 \u00a0 \u00a0 \u00a0 \u00a0\u00a0\u00a0 Jani Pollari, Jorma Jokela<\/p>\n<p><em>Ilveksenmets\u00e4stys:<\/em><\/p>\n<p>Juhani Jokela, Joonas Mannila<\/p>\n<p><em>Sorsastusluvat<\/em><\/p>\n<p>Toni Raiski 040 8494816<\/p>\n<p><em>Hirvi jahtip\u00e4\u00e4llikk\u00f6:<\/em><\/p>\n<p>Joonas Mannila<\/p>\n<p><em>Peura jahtip\u00e4\u00e4llikk\u00f6<\/em><\/p>\n<p>Martti Juurakko<\/p>\n<p><em>SRVA Yhteyshenkil\u00f6:\u00a0 \u00a0 \u00a0 \u00a0 \u00a0 \u00a0 \u00a0 \u00a0 \u00a0 \u00a0 \u00a0 \u00a0 \u00a0 \u00a0 \u00a0 \u00a0 \u00a0 \u00a0 \u00a0 \u00a0 \u00a0 \u00a0 \u00a0 \u00a0 \u00a0 \u00a0 \u00a0 \u00a0 \u00a0 \u00a0 \u00a0 \u00a0 \u00a0 \u00a0 \u00a0 \u00a0 \u00a0 \u00a0 \u00a0 \u00a0 \u00a0 \u00a0 \u00a0 \u00a0 \u00a0 \u00a0 \u00a0 \u00a0 \u00a0 \u00a0 \u00a0 \u00a0 \u00a0 \u00a0 \u00a0 \u00a0 \u00a0 \u00a0 \u00a0 \u00a0 \u00a0 \u00a0 \u00a0 \u00a0 \u00a0 \u00a0 \u00a0 \u00a0 \u00a0 \u00a0 \u00a0 \u00a0 \u00a0 \u00a0 \u00a0 \u00a0 \u00a0 \u00a0 \u00a0 \u00a0 \u00a0 \u00a0 \u00a0 \u00a0 \u00a0 \u00a0 \u00a0 \u00a0 \u00a0 \u00a0 \u00a0 \u00a0 \u00a0 \u00a0 \u00a0 \u00a0 \u00a0 \u00a0 \u00a0 \u00a0 \u00a0 \u00a0 \u00a0 \u00a0 \u00a0 \u00a0 \u00a0 \u00a0 \u00a0 \u00a0 \u00a0 \u00a0 \u00a0 \u00a0 \u00a0 \u00a0 \u00a0 \u00a0 \u00a0 \u00a0 \u00a0 \u00a0 \u00a0 \u00a0 \u00a0 \u00a0 \u00a0 \u00a0 \u00a0 \u00a0 \u00a0 \u00a0 \u00a0 \u00a0 \u00a0 \u00a0 \u00a0 \u00a0 \u00a0 \u00a0 \u00a0 \u00a0 \u00a0 \u00a0 \u00a0 \u00a0 \u00a0 \u00a0 \u00a0 \u00a0 \u00a0 \u00a0 \u00a0 \u00a0 \u00a0 \u00a0 \u00a0 \u00a0 \u00a0 \u00a0 \u00a0 \u00a0 \u00a0 \u00a0 \u00a0 \u00a0 \u00a0 \u00a0 <\/em>Joonas Mannila<em>\u00a0 040 8466659\u00a0 \u00a0 \u00a0 \u00a0 \u00a0 \u00a0 \u00a0 \u00a0 \u00a0 \u00a0 \u00a0 \u00a0 \u00a0 \u00a0 \u00a0 \u00a0 \u00a0 \u00a0 \u00a0 \u00a0 \u00a0 \u00a0 \u00a0 \u00a0 \u00a0 \u00a0 \u00a0 \u00a0 \u00a0 \u00a0 \u00a0 \u00a0 \u00a0 \u00a0 \u00a0 \u00a0 \u00a0 \u00a0 \u00a0 \u00a0 \u00a0 \u00a0 \u00a0 \u00a0 \u00a0 \u00a0 \u00a0 \u00a0 \u00a0 \u00a0 \u00a0 \u00a0 \u00a0 \u00a0 \u00a0 \u00a0 \u00a0 \u00a0 \u00a0 \u00a0 \u00a0 \u00a0 \u00a0\u00a0<\/em><\/p>\n<p><em>Suurpeto- ja ilveksenmets\u00e4stys yhteyshenkil\u00f6<\/em><\/p>\n<p>Juhani Jokela\u00a0 \u00a0 040 752 3134<\/p>\n<p>Ampumarata vastaava<\/p>\n<p>Maarit Palom\u00e4ki puh 0400863278<\/p>\n<p><strong><span style=\"color: #ff0000;\">Jokelalle tulee ilmoittaa n\u00e4k\u00f6- ja j\u00e4lkihavainnot suurpedoista.<br \/>(karhu, susi, ilves ja ahma)<\/span><\/strong><\/p>\n\n\n<p><\/p>\n","protected":false},"excerpt":{"rendered":"<p>Ota meihin yhteytt\u00e4 palautelomakkeemme kautta tai l\u00e4het\u00e4 s\u00e4hk\u00f6postia seuran s\u00e4hk\u00f6postiin. S\u00e4hk\u00f6postiosoite: pollarinms(at)gmail.com Seuran tilinumero: FI66 4108 0012 0823 87. Seuran maja: Kaidesj\u00e4rventie 372Alavus Seuran postiosoite Tervaskalliontie 1 as 2 63300 Alavus Johtokunnan kokoonpano v. 2024 Puheenjohtaja Pertti Palom\u00e4ki p.040 865 7936 Varapuheenjohtaja Toni Raiski p. 040 8494816 seuran sihteeri Karoliina Koitela p. 040 4131395 Rahastonhoitaja: &hellip; <a href=\"https:\/\/www.pollarinmetsastysseura.fi\/index.php\/yhteystiedot\/\" class=\"more-link\">Jatka lukemista <span class=\"screen-reader-text\">Yhteystiedot<\/span> <span class=\"meta-nav\">&rarr;<\/span><\/a><\/p>\n","protected":false},"author":1,"featured_media":0,"parent":0,"menu_order":6,"comment_status":"closed","ping_status":"closed","template":"","meta":{"ngg_post_thumbnail":0,"footnotes":""},"class_list":["post-263","page","type-page","status-publish","hentry"],"_links":{"self":[{"href":"https:\/\/www.pollarinmetsastysseura.fi\/index.php\/wp-json\/wp\/v2\/pages\/263","targetHints":{"allow":["GET"]}}],"collection":[{"href":"https:\/\/www.pollarinmetsastysseura.fi\/index.php\/wp-json\/wp\/v2\/pages"}],"about":[{"href":"https:\/\/www.pollarinmetsastysseura.fi\/index.php\/wp-json\/wp\/v2\/types\/page"}],"author":[{"embeddable":true,"href":"https:\/\/www.pollarinmetsastysseura.fi\/index.php\/wp-json\/wp\/v2\/users\/1"}],"replies":[{"embeddable":true,"href":"https:\/\/www.pollarinmetsastysseura.fi\/index.php\/wp-json\/wp\/v2\/comments?post=263"}],"version-history":[{"count":16,"href":"https:\/\/www.pollarinmetsastysseura.fi\/index.php\/wp-json\/wp\/v2\/pages\/263\/revisions"}],"predecessor-version":[{"id":737,"href":"https:\/\/www.pollarinmetsastysseura.fi\/index.php\/wp-json\/wp\/v2\/pages\/263\/revisions\/737"}],"wp:attachment":[{"href":"https:\/\/www.pollarinmetsastysseura.fi\/index.php\/wp-json\/wp\/v2\/media?parent=263"}],"curies":[{"name":"wp","href":"https:\/\/api.w.org\/{rel}","templated":true}]}}