{"id":478,"date":"2022-01-31T11:29:55","date_gmt":"2022-01-31T09:29:55","guid":{"rendered":"https:\/\/www.pollarinmetsastysseura.fi\/?page_id=478"},"modified":"2022-05-02T17:36:38","modified_gmt":"2022-05-02T14:36:38","slug":"pollarin-metsastysseura-r-y-saannot","status":"publish","type":"page","link":"https:\/\/www.pollarinmetsastysseura.fi\/index.php\/saannot\/pollarin-metsastysseura-r-y-saannot\/","title":{"rendered":"Pollarin Mets\u00e4stysseura r.y. s\u00e4\u00e4nn\u00f6t"},"content":{"rendered":"\n<p class=\"has-medium-font-size\">\nPollarin Mets\u00e4stysseura r.y.<\/p>\n\n\n\n<p class=\"has-medium-font-size\">S\u00c4\u00c4NN\u00d6T<br>1\u00a7<br>Yhdistyksen nimi on Pollarin Mets\u00e4stysseura r.y. ja kotikaupunki on Alavus.<\/p>\n\n\n\n<p class=\"has-medium-font-size\"><br>2\u00a7<br>Yhdistyksen tarkoituksena on harjoittaa j\u00e4rkiper\u00e4ist\u00e4 mets\u00e4styst\u00e4 ja riistanhoitoa sek\u00e4 niiden edellytt\u00e4m\u00e4\u00e4 luonnonsuojelua ja ampumaurheilua.<\/p>\n\n\n\n<p class=\"has-medium-font-size\">3\u00a7<br>Tarkoituksensa toteuttamiseksi yhdistys:<br>1) pyrkii hankkimaan itselleen j\u00e4senm\u00e4\u00e4r\u00e4\u00e4n n\u00e4hden sopivan suuruisen mets\u00e4stys- ja riistanhoitoalueen sek\u00e4 huolehtii sit\u00e4 koskevien sopimusten aikaansaamisesta ja voimassapit\u00e4misest\u00e4;<br>2) valvoo j\u00e4sentens\u00e4 ja asettamiensa mets\u00e4styksenvartijain v\u00e4lityksell\u00e4 sek\u00e4 viranomaisten toimintaa tukemalla, ett\u00e4 sen alueella noudatetaan mets\u00e4styksest\u00e4 voimassa olevia s\u00e4\u00e4nn\u00f6ksi\u00e4 ja hyvi\u00e4 mets\u00e4stystapoja;<br>3) ker\u00e4\u00e4 toimialueeltaan tietoja vuotuisten riistakantojen suuruudesta ja lis\u00e4\u00e4ntymisest\u00e4, s\u00e4\u00e4telee riistan verottamista kannan kulloinkin sallimissa rajoissa sek\u00e4 pit\u00e4\u00e4 luetteloa yhdistyksen j\u00e4senten mets\u00e4stysp\u00e4ivist\u00e4, osallistumisesta riistanhoitotyh\u00f6n sek\u00e4 saalism\u00e4\u00e4rist\u00e4;<br>4) riistakannan lis\u00e4\u00e4miseksi parantaa riistan elinymp\u00e4rist\u00f6\u00e4, j\u00e4rjest\u00e4\u00e4 talviruokintaa, v\u00e4hent\u00e4\u00e4 vahinkoa tuottavia el\u00e4imi\u00e4, suorittaa tarvittaessa riistanistutuksia ja huolehtii tarpeellisten rauhoitusten aikaansaamisesta sek\u00e4 j\u00e4rkiper\u00e4isen mets\u00e4styksen ja riistanhoidon edellytt\u00e4m\u00e4st\u00e4 luonnonsuojelusta;<br>5) j\u00e4rjest\u00e4\u00e4 valistus- ja koulutustilaisuuksia, joissa levitet\u00e4\u00e4n j\u00e4senist\u00f6n ja muun v\u00e4est\u00f6n keskuuteen harrastusta riistanhoitoon sek\u00e4 neuvontaan mets\u00e4stys ja luonnonsuojelulain, oikeiden mets\u00e4st\u00e4j\u00e4tapojen, riistanhoidon ty\u00f6muotojen sek\u00e4 riista- ja vahinkoel\u00e4inten tuntemusta samoin kuin saaliin oikeaa k\u00e4sittely\u00e4;<br>6) edist\u00e4\u00e4 puhdasrotuisten mets\u00e4styskoirien pitoa, koulutusta, k\u00e4ytt\u00f6\u00e4 ja jalostusta sek\u00e4<br>7) opastaa j\u00e4senist\u00f6\u00e4\u00e4n mets\u00e4stysaseiden oikeaan k\u00e4ytt\u00f6\u00f6n ja j\u00e4rjest\u00e4\u00e4 mets\u00e4stys- ja urheiluammunnan harjoittelu-, suoritus- ja kilpailutilaisuuksia, mit\u00e4 varten yhdistys voi asianomaisella luvalla rakentaa ja yll\u00e4pit\u00e4\u00e4 ampumarataa.<\/p>\n\n\n\n<p class=\"has-medium-font-size\">4\u00a7<br>Yhdistyksen j\u00e4seniksi p\u00e4\u00e4sev\u00e4t ne hyv\u00e4maineiset riistanhoitoa ja mets\u00e4styst\u00e4 harrastavat henkil\u00f6t, jotka yhdistyksen kokouksen p\u00e4\u00e4t\u00f6ksell\u00e4 niiden s\u00e4\u00e4nt\u00f6jen 9 \u00a7:n 14 kohdassa mainitulla tavalla j\u00e4seniksi hyv\u00e4ksyy. J\u00e4sen on velvollinen noudattamaan mets\u00e4styst\u00e4 harjoittaessaan ja muussa toiminnassaan yhdistyksen s\u00e4\u00e4nt\u00f6j\u00e4 ja p\u00e4\u00e4t\u00f6ksi\u00e4 sek\u00e4 suorittamaan yhdistykseen liittyess\u00e4\u00e4n liittymismaksun ja syysuun loppuun menness\u00e4 vuotuisen j\u00e4senmaksun, joiden suuruuden yhdistyksen vuosikokous vuosittain m\u00e4\u00e4r\u00e4\u00e4. J\u00e4sen on velvollinen pit\u00e4m\u00e4\u00e4n luetteloa kaikesta kaatamastaan riistasta ja tekem\u00e4\u00e4n sit\u00e4 sek\u00e4 muista riistahavainnoistaan vuosittain tai tarvittaessa ilmoituksen yhdistyksen johtokunnalle. J\u00e4senyytt\u00e4 hakevalle henkil\u00f6lle m\u00e4\u00e4r\u00e4t\u00e4\u00e4n kahden vuoden koeaika ennen varsinaiseksi j\u00e4seneksi hyv\u00e4ksymist\u00e4. Koeajan aikana velvoitetaan j\u00e4senhakija osallistumaan seuran toimintaan v\u00e4hint\u00e4\u00e4n kolme kertaa. Osallistumiseksi luetaan osallistuminen kaikkeen seuran j\u00e4rjest\u00e4m\u00e4\u00e4n toimintaan mm. k\u00f6kk\u00e4, ammunnat, kilpailut. Jos j\u00e4seneksi hakija t\u00e4ytt\u00e4\u00e4 edell\u00e4 mainitut ehdot, niin j\u00e4senyys astuu voimaan ja j\u00e4senelt\u00e4 perit\u00e4\u00e4n liittymismaksu. Koeaikana j\u00e4senell\u00e4 on normaalit j\u00e4senoikeudet ja velvollisuudet. Mik\u00e4li j\u00e4senhakija  ei t\u00e4yt\u00e4 kahden vuoden aikana edell\u00e4 m\u00e4\u00e4r\u00e4ttyj\u00e4 ehtoja, niin koeaikaa jatketaan vuodella. Jos ehdot eiv\u00e4t t\u00e4m\u00e4n j\u00e4lkeenk\u00e4\u00e4n t\u00e4yty niin j\u00e4senasia k\u00e4sitell\u00e4\u00e4n yleisess\u00e4 kokouksessa uudelleen. Koeaika ei koske yli 2 hehtaarin maanvuokraajia, jotka vuokraavat omistamansa maat Pollarin mets\u00e4stysseura ry:lle mets\u00e4styst\u00e4 varten.<\/p>\n\n\n\n<p class=\"has-medium-font-size\">5\u00a7<br>J\u00e4sen joka rikkoo mets\u00e4styslains\u00e4\u00e4d\u00e4nt\u00f6\u00e4, n\u00e4it\u00e4 s\u00e4\u00e4nt\u00f6j\u00e4, yhdistyksen kokouksen hyv\u00e4ksymi\u00e4 ohjes\u00e4\u00e4nt\u00f6j\u00e4 tai kokouksen tekemi\u00e4 p\u00e4\u00e4t\u00f6ksi\u00e4 voi yhdistyksen kokous erottaa, jolloin v\u00e4hint\u00e4\u00e4n kahden kolmasosan l\u00e4sn\u00e4olevista yhdistyksen j\u00e4senist\u00e4 on oltava erottamisen kannalla. Samalla tavoin voidaan hyvi\u00e4 mets\u00e4stystapoja rikkonut j\u00e4sen<br>erottaa yhdistyksest\u00e4. Jos j\u00e4sen tahtoo erota yhdistyksest\u00e4, on h\u00e4nen siit\u00e4 ilmoitettava kirjallisesti johtokunnalle tai sen puheenjohtajalle tai suullisesti yhdistyksen kokouksen p\u00f6yt\u00e4kirjaan. J\u00e4sen katsotaan eronneeksi mets\u00e4stysseuran j\u00e4senyydest\u00e4, mik\u00e4li<br>j\u00e4senmaksua ei ole suoritettu viimeist\u00e4\u00e4n marraskuun loppuun menness\u00e4. t\u00e4ll\u00e4 tavoin eronneet j\u00e4senet kirjataan johtokunnan kokousp\u00f6yt\u00e4kirjaan. Mik\u00e4li t\u00e4ll\u00e4 tavoin eronnut j\u00e4sen haluaa liitty\u00e4 uudelleen mets\u00e4stysseuran j\u00e4seneksi seuraavan kymmenen vuodenkuluessa on h\u00e4nen suoritettava liittymismaksun sijasta yhden edellisen vuoden<br>j\u00e4senmaksu. T\u00e4ll\u00e4 tavoin uudelleen liittyv\u00e4t j\u00e4senet hyv\u00e4ksyy j\u00e4seneksi johtokunta.<br>Eroava tai erotettu j\u00e4sen on velvollinen suorittamaan j\u00e4senmaksunsa kuluvalta toimintavuodelta eik\u00e4 h\u00e4nell\u00e4 ole oikeutta saada mit\u00e4\u00e4n yhdistyksen kiinte\u00e4st\u00e4 tai irtaimesta omaisuudesta.<\/p>\n\n\n\n<p class=\"has-medium-font-size\">6\u00a7<br>Yhdistyksen johtokuntaan kuuluu puheenjohtajan lis\u00e4ksi 6 j\u00e4sent\u00e4, joiden keskuudesta johtokunta valitsee varapuheenjohtajan. Johtokunnan j\u00e4senten toimikausi on 3 vuotta. Vuosittain on erovuorossa kaksi j\u00e4sent\u00e4. Kolmen ensimm\u00e4isen vuoden erovuoroiset j\u00e4senet m\u00e4\u00e4r\u00e4t\u00e4\u00e4n arvalla johtokuntaa ensi kertaa valittaessa. Sen j\u00e4lkeen<br>erovuoroisuus m\u00e4\u00e4r\u00e4ytyy vuoron mukaan. Johtokunnan puheenjohtaja ja j\u00e4senet erovuoroisten tilalle valitaan vuosittain. Mik\u00e4li johtokunnan j\u00e4sen eroaa tai kuolee, tai j\u00e4senyys muusta syyst\u00e4 p\u00e4\u00e4ttyy kesken toimikautta, valitaan h\u00e4nen tilalleen yhdistyksen seuraavassa kokouksessa j\u00e4ljelle olevaksi toimikaudeksi uusi j\u00e4sen. Johtokunta on<br>p\u00e4\u00e4t\u00f6svaltainen silloin, kun puheenjohtaja tai h\u00e4nen estyneen\u00e4 ollessaan varapuheenjohtaja sek\u00e4 v\u00e4hint\u00e4\u00e4n puolet muista j\u00e4senist\u00e4 on saapuvilla. Yhdistyksen nimen kirjoittaa puheenjohtaja, varapuheenjohtaja tai sihteeri. P\u00e4\u00e4t\u00f6kset tehd\u00e4\u00e4n yksinkertaisella \u00e4\u00e4ntenenemmist\u00f6ll\u00e4. \u00c4\u00e4nten sattuessa tasan ratkaisee puheenjohtajan \u00e4\u00e4ni paitsi vaaleissa arpa. Johtokunnan teht\u00e4v\u00e4n\u00e4 on:<br>1) kutsua koolle yhdistyksen kokoukset, valmistaa niille esitett\u00e4v\u00e4t asiat ja panna kokouksen p\u00e4\u00e4t\u00f6kset t\u00e4yt\u00e4nt\u00f6\u00f6n;<br>2) hoitaa yhdistyksen rahavaroja ja muuta omaisuutta, huolehtia liittymis- ja j\u00e4senmaksujen sek\u00e4 muiden tulojen keruusta samoin kuin laatia yhdistyksen tilinp\u00e4\u00e4t\u00f6s p\u00e4\u00e4ttyneelt\u00e4 tilivuodelta;<br>3) tehd\u00e4 aloitteita ja ehdotuksia yhdistyksen kokoukselle toimenpiteist\u00e4 yhdistyksen teht\u00e4vien t\u00e4ytt\u00e4miseksi;<br>4) ottaa ja erottaa yhdistyksen toimihenkil\u00f6t, kuten sihteeri, rahastonhoitaja ja mets\u00e4styksenvartijat;<br>5) nimet\u00e4 9\u00a7:n kohdassa 16 tarkoitetut edustajat riistanhoitoyhdistyksen kokoukseen ellei yhdistyksen vuosikokous ole asiasta toisin p\u00e4\u00e4tt\u00e4nyt;<br>6) tehd\u00e4 vuokra- ja muut mets\u00e4stysalueiden k\u00e4ytt\u00f6\u00e4 koskevat sopimukset;<br>7) tehd\u00e4 riistanhoitoyhdistykselle ilmoituksia ja antaa tarvittaessa lausuntoja mets\u00e4styslain 23\u00a7: 1. momentissa tarkoitetuista ep\u00e4kohdista, jotka koskevat riistakannan vaarantamista tai riistanhoidollisten toimenpiteiden laiminly\u00f6nti\u00e4;<br>8) valmistaa yhdistyksen kokoukselle esitys riistanhoidon edist\u00e4miseksi tarpeellisesta yhteistoiminnasta naapuriyhdistysten kanssa.<br>9) toimittaa yhdistyksen kokouksen hyv\u00e4ksym\u00e4t s\u00e4\u00e4nn\u00f6t ja s\u00e4\u00e4nt\u00f6jen muutokset yhdistysrekisteriin merkitt\u00e4v\u00e4ksi;<br>10) pit\u00e4\u00e4 yhdistyksen j\u00e4senist\u00e4 luetteloa sek\u00e4 vuosittain ilmoittaa johtokunnan j\u00e4senten nimet ja osoitteet asianomaiselle riistanhoitoyhdistykselle; sek\u00e4<br>11) hoitaa yhdistyksen kirjeenvaihto ja muut juoksevat asiat.<\/p>\n\n\n\n<p class=\"has-medium-font-size\">7\u00a7<br>Yhdistyksen tili- ja toimintavuosi on kalenterivuosi.<\/p>\n\n\n\n<p class=\"has-medium-font-size\">8\u00a7<br>Yhdistyksen varsinaisia kokouksia ovat vuosikokous ja kes\u00e4kokous. Johtokunta kutsuu j\u00e4senet kaikkiin kokouksiin v\u00e4hint\u00e4\u00e4n yksi viikko ennen kokousta seuran nettisivuilla julkaistulla kokouskutsulla.<\/p>\n\n\n\n<p class=\"has-medium-font-size\">9\u00a7<br>Vuosikokous pidet\u00e4\u00e4n tammikuun tai helmikuun aikana ja k\u00e4sitell\u00e4\u00e4n seuraavat asiat:<\/p>\n\n\n\n<p class=\"has-medium-font-size\">1) valitaan kokouksen puheenjohtaja ja sihteeri;<br>2) todetaan kokouksen laillisuus;<br>3) valitaan kaksi p\u00f6yt\u00e4kirjan tarkastajaa,<br>4) esitet\u00e4\u00e4n johtokunnan laatima toimintakertomus kuluneelta toimintavuodelta;<br>5) esitet\u00e4\u00e4n tilintarkastus kertomus ja tilintarkastajain lausunto kuluneelta tilikaudelta ja p\u00e4\u00e4tet\u00e4\u00e4n tilien hyv\u00e4ksymisest\u00e4 ja tilip\u00e4\u00e4t\u00f6ksen vahvistamisesta;<br>6) p\u00e4\u00e4tet\u00e4\u00e4n tili- ja vastuuvapauden my\u00f6nt\u00e4misest\u00e4 johtokunnalle ja muille tilivelvollisille;<br>7) toimitetaan johtokunnan puheenjohtajan vaali;<br>8) toimitetaan johtokunnan j\u00e4senten vaali erovuoroisten tilalle;<br>9) toimitetaan kahden tilintarkastajan ja heid\u00e4n varamiestens\u00e4 vaali<br>10) vahvistetaan toiminta- ja riistanhoitosuunnitelma kuluvaa toimintavuotta varten;<br>11) hyv\u00e4ksyt\u00e4\u00e4n toimintavuoden tulo- ja menoarvio sek\u00e4 p\u00e4\u00e4tet\u00e4\u00e4n yhdistyksen mets\u00e4styksenvalvovijoiden ja muiden toimihenkil\u00f6iden palkkion m\u00e4\u00e4r\u00e4\u00e4misest\u00e4;<br>12) m\u00e4\u00e4r\u00e4t\u00e4\u00e4n yhdistyksen liittymis- ja j\u00e4senmaksujen suuruus;<br>13) valitaan tarpeelliset jaostot;<br>14) hyv\u00e4ksyt\u00e4\u00e4n yhdistyksen uudet j\u00e4senet, jolloin v\u00e4hint\u00e4\u00e4n kahden kolmasosan l\u00e4sn\u00e4olevista yhdistyksen j\u00e4senist\u00e4 on oltava hyv\u00e4ksymisen kannalla;<br>15) k\u00e4sitell\u00e4\u00e4n muut johtokunnan tai yksityisten j\u00e4senten johtokunnalle v\u00e4hint\u00e4\u00e4n kolme viikkoa ennen vuosikokousta esitt\u00e4m\u00e4t ja kokouskutsussa mainitut asiat;<br>16) p\u00e4\u00e4tet\u00e4\u00e4n, miten riistanhoitoyhdistyksen kokouksesta poissa olevia mets\u00e4stysyhdistyksen j\u00e4seni\u00e4 edustetaan;<br>17) p\u00e4\u00e4tet\u00e4\u00e4n toimialueen riistanhoitoyhdistykselle teht\u00e4vist\u00e4 esityksist\u00e4; sek\u00e4<br>18) k\u00e4sitell\u00e4\u00e4n muut mahdolliset esille tulevat asiat, joista ei kuitenkaan voida tehd\u00e4 p\u00e4\u00e4t\u00f6st\u00e4.<\/p>\n\n\n\n<p class=\"has-medium-font-size\">10 \u00a7<br>Kes\u00e4kokous pidet\u00e4\u00e4n elokuun aikana ja p\u00e4\u00e4tet\u00e4\u00e4n siin\u00e4 j\u00e4senten ja heid\u00e4n vieraittensa oikeudesta harjoittaa mets\u00e4styst\u00e4 yhdistyksen mets\u00e4stysalueilla tulevana mets\u00e4styskautena samoin kuin niill\u00e4 toimeenpantavista rauhoituksista ym. riistan suojelutoimenpiteist\u00e4 sek\u00e4 vierasmaksun suuruudesta. Kokouksessa voidaan tehd\u00e4 p\u00e4\u00e4t\u00f6ksi\u00e4 my\u00f6s muista kokouskutsussa mainituista asioista. Kokous voi hyv\u00e4ksy\u00e4 uusia j\u00e4seni\u00e4 9 \u00a7 14) kohdan mukaisesti.<\/p>\n\n\n\n<p class=\"has-medium-font-size\">11 \u00a7<br>Yhdistyksen ylim\u00e4\u00e4r\u00e4inen kokous pidet\u00e4\u00e4n, milloin yhdistyksen kokous on niin p\u00e4\u00e4tt\u00e4nyt, milloin johtokunta katsoo sen tarpeelliseksi tai milloin v\u00e4hint\u00e4\u00e4n yksi viidesosa j\u00e4senist\u00e4 sit\u00e4 johtokunnalta kirjallisesti vaatii ilmoittamansa asian k\u00e4sittely\u00e4 varten. Ylim\u00e4\u00e4r\u00e4inen kokous on pidett\u00e4v\u00e4 yhden kuukauden kuluessa vaatimuksen esitt\u00e4misest\u00e4. Kokouskutsusta on voimassa, mit\u00e4 8\u00a7:ss\u00e4 on m\u00e4\u00e4r\u00e4tty. Kokouksessa voidaan hyv\u00e4ksy\u00e4 uusia j\u00e4seni\u00e4 tavalla, joka 9 \u00a7:n 14 kohdassa on s\u00e4\u00e4detty.<\/p>\n\n\n\n<p class=\"has-medium-font-size\">12 \u00a7<br>J\u00e4senen oikeudesta ottaa mukaansa yhdistyksen mets\u00e4stysmaille yhdistykseen kuulumattomia mets\u00e4st\u00e4ji\u00e4 ja heid\u00e4n oikeudestaan mets\u00e4st\u00e4\u00e4 sek\u00e4 muista j\u00e4rjestysasioista m\u00e4\u00e4r\u00e4t\u00e4\u00e4n yhdistyksen kokouksen hyv\u00e4ksym\u00e4ss\u00e4<br>mets\u00e4styss\u00e4\u00e4nn\u00f6ss\u00e4 tai p\u00e4\u00e4tet\u00e4\u00e4n vuosittain kes\u00e4kokouksessa.<\/p>\n\n\n\n<p class=\"has-medium-font-size\">13 \u00a7<br>Yhdistyksen on pidett\u00e4v\u00e4 luetteloa suoritetuista riistanhoitot\u00f6ist\u00e4 ym. toiminnasta.<\/p>\n\n\n\n<p class=\"has-medium-font-size\">14 \u00a7<br>Yhdistys toimii yhteisty\u00f6ss\u00e4 toimialueensa riistanhoitoyhdistyksen kanssa. Toimintavuoden aikana tapahtuneista toimihenkil\u00f6 muutoksista on ilmoitus riistanhoitoyhdistykselle teht\u00e4v\u00e4 v\u00e4litt\u00f6m\u00e4sti ja tulee yhdistyksen antaa<br>riistanhoitoyhdistykselle sen pyyt\u00e4m\u00e4t tiedot.<\/p>\n\n\n\n<p class=\"has-medium-font-size\">15 \u00a7<br>N\u00e4iden s\u00e4\u00e4nt\u00f6jen muuttamista ja yhdistyksen purkamista koskeva p\u00e4\u00e4t\u00f6s on, ollakseen p\u00e4tev\u00e4 teht\u00e4v\u00e4 yhdistyksen kokouksessa sen j\u00e4lkeen, kun johtokunta on asian k\u00e4sitellyt ja asiasta on mainittu kokouskutsussa. P\u00e4\u00e4t\u00f6st\u00e4 tulee kannattaa v\u00e4hint\u00e4\u00e4n kolme nelj\u00e4sosaa \u00e4\u00e4nestyksess\u00e4 annetuista \u00e4\u00e4nist\u00e4.<\/p>\n\n\n\n<p class=\"has-medium-font-size\">16 \u00a7<br>Jos yhdistys puretaan, k\u00e4ytet\u00e4\u00e4n sen omaisuus viimeisen kokouksen p\u00e4\u00e4t\u00f6ksen mukaisesti yhdistyksen toimintaa l\u00e4hell\u00e4 oleviin riistahoidollisiin tarkoituksiin. Yhdistyksen arkisto on siirrett\u00e4v\u00e4 toimialueen riistanhoitoyhdistykselle, jolle samoin kuin yhdistysrekisteriviranomaisille on teht\u00e4v\u00e4 ilmoitus purkamisesta.<\/p>\n\n\n\n<p class=\"has-medium-font-size\">17\u00a7<br>Muutoin noudatettakoon, mit\u00e4 laissa yhdistyksist\u00e4 on s\u00e4\u00e4detty.<\/p>\n\n\n\n<p class=\"has-medium-font-size\">Seuran s\u00e4\u00e4nn\u00f6t on Pollarin Mets\u00e4styseuran kokouksessa p\u00e4ivitetty 02.05 2022.<\/p>\n","protected":false},"excerpt":{"rendered":"<p>Pollarin Mets\u00e4stysseura r.y. S\u00c4\u00c4NN\u00d6T1\u00a7Yhdistyksen nimi on Pollarin Mets\u00e4stysseura r.y. ja kotikaupunki on Alavus. 2\u00a7Yhdistyksen tarkoituksena on harjoittaa j\u00e4rkiper\u00e4ist\u00e4 mets\u00e4styst\u00e4 ja riistanhoitoa sek\u00e4 niiden edellytt\u00e4m\u00e4\u00e4 luonnonsuojelua ja ampumaurheilua. 3\u00a7Tarkoituksensa toteuttamiseksi yhdistys:1) pyrkii hankkimaan itselleen j\u00e4senm\u00e4\u00e4r\u00e4\u00e4n n\u00e4hden sopivan suuruisen mets\u00e4stys- ja riistanhoitoalueen sek\u00e4 huolehtii sit\u00e4 koskevien sopimusten aikaansaamisesta ja voimassapit\u00e4misest\u00e4;2) valvoo j\u00e4sentens\u00e4 ja asettamiensa mets\u00e4styksenvartijain v\u00e4lityksell\u00e4 sek\u00e4 &hellip; <a href=\"https:\/\/www.pollarinmetsastysseura.fi\/index.php\/saannot\/pollarin-metsastysseura-r-y-saannot\/\" class=\"more-link\">Jatka lukemista <span class=\"screen-reader-text\">Pollarin Mets\u00e4stysseura r.y. s\u00e4\u00e4nn\u00f6t<\/span> <span class=\"meta-nav\">&rarr;<\/span><\/a><\/p>\n","protected":false},"author":1,"featured_media":0,"parent":117,"menu_order":1,"comment_status":"closed","ping_status":"closed","template":"","meta":{"ngg_post_thumbnail":0,"footnotes":""},"class_list":["post-478","page","type-page","status-publish","hentry"],"_links":{"self":[{"href":"https:\/\/www.pollarinmetsastysseura.fi\/index.php\/wp-json\/wp\/v2\/pages\/478","targetHints":{"allow":["GET"]}}],"collection":[{"href":"https:\/\/www.pollarinmetsastysseura.fi\/index.php\/wp-json\/wp\/v2\/pages"}],"about":[{"href":"https:\/\/www.pollarinmetsastysseura.fi\/index.php\/wp-json\/wp\/v2\/types\/page"}],"author":[{"embeddable":true,"href":"https:\/\/www.pollarinmetsastysseura.fi\/index.php\/wp-json\/wp\/v2\/users\/1"}],"replies":[{"embeddable":true,"href":"https:\/\/www.pollarinmetsastysseura.fi\/index.php\/wp-json\/wp\/v2\/comments?post=478"}],"version-history":[{"count":9,"href":"https:\/\/www.pollarinmetsastysseura.fi\/index.php\/wp-json\/wp\/v2\/pages\/478\/revisions"}],"predecessor-version":[{"id":525,"href":"https:\/\/www.pollarinmetsastysseura.fi\/index.php\/wp-json\/wp\/v2\/pages\/478\/revisions\/525"}],"up":[{"embeddable":true,"href":"https:\/\/www.pollarinmetsastysseura.fi\/index.php\/wp-json\/wp\/v2\/pages\/117"}],"wp:attachment":[{"href":"https:\/\/www.pollarinmetsastysseura.fi\/index.php\/wp-json\/wp\/v2\/media?parent=478"}],"curies":[{"name":"wp","href":"https:\/\/api.w.org\/{rel}","templated":true}]}}