{"id":480,"date":"2022-01-31T11:30:46","date_gmt":"2022-01-31T09:30:46","guid":{"rendered":"https:\/\/www.pollarinmetsastysseura.fi\/?page_id=480"},"modified":"2024-10-25T15:29:29","modified_gmt":"2024-10-25T12:29:29","slug":"ampumaradan-jarjestyssaannot","status":"publish","type":"page","link":"https:\/\/www.pollarinmetsastysseura.fi\/index.php\/saannot\/ampumaradan-jarjestyssaannot\/","title":{"rendered":"Ampumaradan j\u00e4rjestyss\u00e4\u00e4nn\u00f6t"},"content":{"rendered":"<p>POLLARIN MS:N AMPUMARADAN J\u00c4RJESTYSS\u00c4\u00c4NN\u00d6T<\/p>\n<p>1. Tervetuloa Lintukallion ampumaradalle, ampumarata on siihen oikeutettujen k\u00e4ytett\u00e4viss\u00e4 arkisin klo 9.00 &#8211; 21.00 ja viikonloppuisin klo 12.00 &#8211; 20.00 v\u00e4lisen\u00e4 aikana. Muina aikoina sek\u00e4 juhlapyhin\u00e4 radan k\u00e4ytt\u00f6 on ehdottomasti kielletty.<\/p>\n<p>2. Jokaisen ampujan ja muutoin rata-alueella olevan on noudatettava niit\u00e4 ohjeita ja m\u00e4\u00e4r\u00e4yksi\u00e4, joita radan k\u00e4yt\u00f6st\u00e4 ja siell\u00e4 oleskelusta on annettu tai annetaan sek\u00e4 huolehdittava siit\u00e4, ett\u00e4 ei tuota vahinkoa radalle, toisille radalla liikkuville eik\u00e4 vaaranna yleist\u00e4 turvallisuutta taikka aiheuta h\u00e4iri\u00f6it\u00e4.<\/p>\n<p>3. Yleisest\u00e4 j\u00e4rjestyksest\u00e4 radalla huolehtii ensisijassa radan pit\u00e4j\u00e4n hyv\u00e4ksym\u00e4t tai m\u00e4\u00e4r\u00e4\u00e4m\u00e4t valvojat. Valvojien antamia ohjeita ampumapaikkojen k\u00e4yt\u00f6st\u00e4 ja vuorottelusta sek\u00e4 yleisest\u00e4 k\u00e4ytt\u00e4ytymisest\u00e4 on noudatettava.<\/p>\n<p>4. Ampumaradalla saavat varsinaisten kilpailujen\u00a0 ulkopuolella\u00a0 harrastaa urheiluammuntaa Pollarin mets\u00e4stysseura ry:n j\u00e4senet ja muut yksityiset henkil\u00f6t sek\u00e4 yhdistykset, joille radan pit\u00e4j\u00e4 on antanut tai antaa luvan.<\/p>\n<p>5. Kilpailuun ja harjoitukseen (enemm\u00e4n kuin yksi ampuja) on aina m\u00e4\u00e4r\u00e4tt\u00e4v\u00e4 valvoja, joka on ensisijaisessa vastuussa johdettaviensa tarkoituksenmukaisesta ja moitteettomasta k\u00e4ytt\u00e4ytymisest\u00e4 ampumaradalla.<\/p>\n<p>6. Radalla saa ampua vain ampumapaikalla ja sellaisella aseella mille asianomainen erityisrata on tarkoitettu. Ratalaitteisiin tahallisesti tai selv\u00e4ll\u00e4 huolimattomuudella ammuttu laukaus on kielletty, jonka aiheuttaman vahingon ampuja on velvollinen korvaamaan.<\/p>\n<p>7. Aseen saa ladata vain ampumapaikalla ja rata-alueella liikuttaessa ase on aina pidett\u00e4v\u00e4 lataamattomana, lukko avattuna tai ase taitettuna tai mahdollisuuksien mukaan kuljetuskoteloon sijoitettuna.<\/p>\n<p>8. Ampumapaikalla on ase pidett\u00e4v\u00e4 aina suunnattuna ampumasuuntaan.<\/p>\n<p>9. Asetta ei saa k\u00e4sitell\u00e4 silloin, kun ampumapaikan etupuolella on henkil\u00f6it\u00e4.<\/p>\n<p>10. Radan k\u00e4ytt\u00e4j\u00e4ll\u00e4 ei ole oikeutta asentaa edes v\u00e4liaikaisesti rata-alueelle mit\u00e4\u00e4n laitteita tai rakennelmia. Maalitaulujen asettaminen reuna- tai taustavalliin sek\u00e4 maalialueen ja ampumapaikan v\u00e4limaastoon on ehdottomasti kielletty. Radan teknillisi\u00e4 laitteita on lupa k\u00e4ytt\u00e4\u00e4, asentaa, muuntaa tai huoltaa vain niill\u00e4 henkil\u00f6ill\u00e4, jotka radan pit\u00e4j\u00e4 on siihen nimenomaisesti m\u00e4\u00e4r\u00e4nnyt tai oikeuttanut.<\/p>\n<p>11. Radan k\u00e4ytt\u00e4j\u00e4n on noudatettava rata-alueella yleist\u00e4 siisteytt\u00e4. Syntyv\u00e4t j\u00e4tteet kuten k\u00e4ytetyt taulut, tyhj\u00e4t patruunakotelot, hylsyt ja muut roskat on lajiteltava sek\u00e4 toimitettava niille varattuihin j\u00e4teastioihin. Radan k\u00e4ytt\u00e4j\u00e4n on muutoinkin huolehdittava siit\u00e4, ett\u00e4 rata j\u00e4\u00e4 j\u00e4ljilt\u00e4si siistiin ja moitteettomaan kuntoon.<\/p>\n<p>12. Ratojen kulissoiduille , aidatuille tai muuten merkityille vaara-alueille meneminen on ammuntojen aikana kaikilta kielletty, jollei siihen ole annettu erityist\u00e4 lupaa.<\/p>\n<p>13. Kuulon- ja n\u00e4\u00f6nsuojaaminen on suositeltavaa ja jokaisen terveyden kannalta v\u00e4ltt\u00e4m\u00e4t\u00f6nt\u00e4.<\/p>\n<p>14. Asiattomien ja luvaton oleskelu ja liikkuminen ampumarata-alueella on kielletty.<\/p>\n<p>KAIKKIEN TURVALLISUUDEN JA VIIHTYISYYDEN TAKEENA ON S\u00c4\u00c4NT\u00d6JEN NOUDATTAMINEN<\/p>\n<p>Radan yhteyshenkil\u00f6n\u00e4 toimii Maarit Palom\u00e4ki puh 0400863278<\/p>\n<p>Ampumaradan osoite on kaidesj\u00e4rventie 372 Alavus<\/p>\n\n\n<p><\/p>\n","protected":false},"excerpt":{"rendered":"<p>POLLARIN MS:N AMPUMARADAN J\u00c4RJESTYSS\u00c4\u00c4NN\u00d6T 1. Tervetuloa Lintukallion ampumaradalle, ampumarata on siihen oikeutettujen k\u00e4ytett\u00e4viss\u00e4 arkisin klo 9.00 &#8211; 21.00 ja viikonloppuisin klo 12.00 &#8211; 20.00 v\u00e4lisen\u00e4 aikana. Muina aikoina sek\u00e4 juhlapyhin\u00e4 radan k\u00e4ytt\u00f6 on ehdottomasti kielletty. 2. Jokaisen ampujan ja muutoin rata-alueella olevan on noudatettava niit\u00e4 ohjeita ja m\u00e4\u00e4r\u00e4yksi\u00e4, joita radan k\u00e4yt\u00f6st\u00e4 ja siell\u00e4 oleskelusta on &hellip; <a href=\"https:\/\/www.pollarinmetsastysseura.fi\/index.php\/saannot\/ampumaradan-jarjestyssaannot\/\" class=\"more-link\">Jatka lukemista <span class=\"screen-reader-text\">Ampumaradan j\u00e4rjestyss\u00e4\u00e4nn\u00f6t<\/span> <span class=\"meta-nav\">&rarr;<\/span><\/a><\/p>\n","protected":false},"author":1,"featured_media":0,"parent":117,"menu_order":2,"comment_status":"closed","ping_status":"closed","template":"","meta":{"ngg_post_thumbnail":0,"footnotes":""},"class_list":["post-480","page","type-page","status-publish","hentry"],"_links":{"self":[{"href":"https:\/\/www.pollarinmetsastysseura.fi\/index.php\/wp-json\/wp\/v2\/pages\/480","targetHints":{"allow":["GET"]}}],"collection":[{"href":"https:\/\/www.pollarinmetsastysseura.fi\/index.php\/wp-json\/wp\/v2\/pages"}],"about":[{"href":"https:\/\/www.pollarinmetsastysseura.fi\/index.php\/wp-json\/wp\/v2\/types\/page"}],"author":[{"embeddable":true,"href":"https:\/\/www.pollarinmetsastysseura.fi\/index.php\/wp-json\/wp\/v2\/users\/1"}],"replies":[{"embeddable":true,"href":"https:\/\/www.pollarinmetsastysseura.fi\/index.php\/wp-json\/wp\/v2\/comments?post=480"}],"version-history":[{"count":5,"href":"https:\/\/www.pollarinmetsastysseura.fi\/index.php\/wp-json\/wp\/v2\/pages\/480\/revisions"}],"predecessor-version":[{"id":663,"href":"https:\/\/www.pollarinmetsastysseura.fi\/index.php\/wp-json\/wp\/v2\/pages\/480\/revisions\/663"}],"up":[{"embeddable":true,"href":"https:\/\/www.pollarinmetsastysseura.fi\/index.php\/wp-json\/wp\/v2\/pages\/117"}],"wp:attachment":[{"href":"https:\/\/www.pollarinmetsastysseura.fi\/index.php\/wp-json\/wp\/v2\/media?parent=480"}],"curies":[{"name":"wp","href":"https:\/\/api.w.org\/{rel}","templated":true}]}}