{"id":734,"date":"2025-10-04T17:46:51","date_gmt":"2025-10-04T14:46:51","guid":{"rendered":"https:\/\/www.pollarinmetsastysseura.fi\/?page_id=734"},"modified":"2025-10-04T17:46:51","modified_gmt":"2025-10-04T14:46:51","slug":"hirviporukan-kokkapaiva-4-10-2025","status":"publish","type":"page","link":"https:\/\/www.pollarinmetsastysseura.fi\/index.php\/hirviporukan-kokkapaiva-4-10-2025\/","title":{"rendered":"Hirviporukan k\u00f6kk\u00e4p\u00e4iv\u00e4 4.10.2025"},"content":{"rendered":"\n<figure class=\"wp-block-gallery has-nested-images columns-default is-cropped wp-block-gallery-1 is-layout-flex wp-block-gallery-is-layout-flex\">\n<figure class=\"wp-block-image size-large\"><img loading=\"lazy\" decoding=\"async\" width=\"768\" height=\"1024\" data-id=\"733\" src=\"https:\/\/www.pollarinmetsastysseura.fi\/wp-content\/uploads\/2025\/10\/WhatsApp-Kuva-2025-10-04-klo-15.17.00_cba624b4-2-768x1024.jpg\" alt=\"\" class=\"wp-image-733\" srcset=\"https:\/\/www.pollarinmetsastysseura.fi\/wp-content\/uploads\/2025\/10\/WhatsApp-Kuva-2025-10-04-klo-15.17.00_cba624b4-2-768x1024.jpg 768w, https:\/\/www.pollarinmetsastysseura.fi\/wp-content\/uploads\/2025\/10\/WhatsApp-Kuva-2025-10-04-klo-15.17.00_cba624b4-2-225x300.jpg 225w, https:\/\/www.pollarinmetsastysseura.fi\/wp-content\/uploads\/2025\/10\/WhatsApp-Kuva-2025-10-04-klo-15.17.00_cba624b4-2-1152x1536.jpg 1152w, https:\/\/www.pollarinmetsastysseura.fi\/wp-content\/uploads\/2025\/10\/WhatsApp-Kuva-2025-10-04-klo-15.17.00_cba624b4-2.jpg 1200w\" sizes=\"auto, (max-width: 768px) 100vw, 768px\" \/><\/figure>\n\n\n\n<figure class=\"wp-block-image size-large\"><img loading=\"lazy\" decoding=\"async\" width=\"1024\" height=\"768\" data-id=\"731\" src=\"https:\/\/www.pollarinmetsastysseura.fi\/wp-content\/uploads\/2025\/10\/WhatsApp-Kuva-2025-10-04-klo-15.17.02_e498986f-1024x768.jpg\" alt=\"\" class=\"wp-image-731\" srcset=\"https:\/\/www.pollarinmetsastysseura.fi\/wp-content\/uploads\/2025\/10\/WhatsApp-Kuva-2025-10-04-klo-15.17.02_e498986f-1024x768.jpg 1024w, https:\/\/www.pollarinmetsastysseura.fi\/wp-content\/uploads\/2025\/10\/WhatsApp-Kuva-2025-10-04-klo-15.17.02_e498986f-300x225.jpg 300w, https:\/\/www.pollarinmetsastysseura.fi\/wp-content\/uploads\/2025\/10\/WhatsApp-Kuva-2025-10-04-klo-15.17.02_e498986f-768x576.jpg 768w, https:\/\/www.pollarinmetsastysseura.fi\/wp-content\/uploads\/2025\/10\/WhatsApp-Kuva-2025-10-04-klo-15.17.02_e498986f-1536x1152.jpg 1536w, https:\/\/www.pollarinmetsastysseura.fi\/wp-content\/uploads\/2025\/10\/WhatsApp-Kuva-2025-10-04-klo-15.17.02_e498986f.jpg 1600w\" sizes=\"auto, (max-width: 1024px) 100vw, 1024px\" \/><\/figure>\n\n\n\n<figure class=\"wp-block-image size-large\"><img loading=\"lazy\" decoding=\"async\" width=\"768\" height=\"1024\" data-id=\"730\" src=\"https:\/\/www.pollarinmetsastysseura.fi\/wp-content\/uploads\/2025\/10\/WhatsApp-Kuva-2025-10-04-klo-15.17.02_cbe347e7-768x1024.jpg\" alt=\"\" class=\"wp-image-730\" srcset=\"https:\/\/www.pollarinmetsastysseura.fi\/wp-content\/uploads\/2025\/10\/WhatsApp-Kuva-2025-10-04-klo-15.17.02_cbe347e7-768x1024.jpg 768w, https:\/\/www.pollarinmetsastysseura.fi\/wp-content\/uploads\/2025\/10\/WhatsApp-Kuva-2025-10-04-klo-15.17.02_cbe347e7-225x300.jpg 225w, https:\/\/www.pollarinmetsastysseura.fi\/wp-content\/uploads\/2025\/10\/WhatsApp-Kuva-2025-10-04-klo-15.17.02_cbe347e7-1152x1536.jpg 1152w, https:\/\/www.pollarinmetsastysseura.fi\/wp-content\/uploads\/2025\/10\/WhatsApp-Kuva-2025-10-04-klo-15.17.02_cbe347e7.jpg 1200w\" sizes=\"auto, (max-width: 768px) 100vw, 768px\" \/><\/figure>\n\n\n\n<figure class=\"wp-block-image size-large\"><img loading=\"lazy\" decoding=\"async\" width=\"768\" height=\"1024\" data-id=\"729\" src=\"https:\/\/www.pollarinmetsastysseura.fi\/wp-content\/uploads\/2025\/10\/WhatsApp-Kuva-2025-10-04-klo-15.17.01_a23d539b-768x1024.jpg\" alt=\"\" class=\"wp-image-729\" srcset=\"https:\/\/www.pollarinmetsastysseura.fi\/wp-content\/uploads\/2025\/10\/WhatsApp-Kuva-2025-10-04-klo-15.17.01_a23d539b-768x1024.jpg 768w, https:\/\/www.pollarinmetsastysseura.fi\/wp-content\/uploads\/2025\/10\/WhatsApp-Kuva-2025-10-04-klo-15.17.01_a23d539b-225x300.jpg 225w, https:\/\/www.pollarinmetsastysseura.fi\/wp-content\/uploads\/2025\/10\/WhatsApp-Kuva-2025-10-04-klo-15.17.01_a23d539b-1152x1536.jpg 1152w, https:\/\/www.pollarinmetsastysseura.fi\/wp-content\/uploads\/2025\/10\/WhatsApp-Kuva-2025-10-04-klo-15.17.01_a23d539b.jpg 1200w\" sizes=\"auto, (max-width: 768px) 100vw, 768px\" \/><\/figure>\n\n\n\n<figure class=\"wp-block-image size-large\"><img loading=\"lazy\" decoding=\"async\" width=\"768\" height=\"1024\" data-id=\"728\" src=\"https:\/\/www.pollarinmetsastysseura.fi\/wp-content\/uploads\/2025\/10\/WhatsApp-Kuva-2025-10-04-klo-15.17.01_3669b558-768x1024.jpg\" alt=\"\" class=\"wp-image-728\" srcset=\"https:\/\/www.pollarinmetsastysseura.fi\/wp-content\/uploads\/2025\/10\/WhatsApp-Kuva-2025-10-04-klo-15.17.01_3669b558-768x1024.jpg 768w, https:\/\/www.pollarinmetsastysseura.fi\/wp-content\/uploads\/2025\/10\/WhatsApp-Kuva-2025-10-04-klo-15.17.01_3669b558-225x300.jpg 225w, https:\/\/www.pollarinmetsastysseura.fi\/wp-content\/uploads\/2025\/10\/WhatsApp-Kuva-2025-10-04-klo-15.17.01_3669b558-1152x1536.jpg 1152w, https:\/\/www.pollarinmetsastysseura.fi\/wp-content\/uploads\/2025\/10\/WhatsApp-Kuva-2025-10-04-klo-15.17.01_3669b558.jpg 1200w\" sizes=\"auto, (max-width: 768px) 100vw, 768px\" \/><\/figure>\n\n\n\n<figure class=\"wp-block-image size-large\"><img loading=\"lazy\" decoding=\"async\" width=\"768\" height=\"1024\" data-id=\"727\" src=\"https:\/\/www.pollarinmetsastysseura.fi\/wp-content\/uploads\/2025\/10\/WhatsApp-Kuva-2025-10-04-klo-15.17.01_69f49d66-768x1024.jpg\" alt=\"\" class=\"wp-image-727\" srcset=\"https:\/\/www.pollarinmetsastysseura.fi\/wp-content\/uploads\/2025\/10\/WhatsApp-Kuva-2025-10-04-klo-15.17.01_69f49d66-768x1024.jpg 768w, https:\/\/www.pollarinmetsastysseura.fi\/wp-content\/uploads\/2025\/10\/WhatsApp-Kuva-2025-10-04-klo-15.17.01_69f49d66-225x300.jpg 225w, https:\/\/www.pollarinmetsastysseura.fi\/wp-content\/uploads\/2025\/10\/WhatsApp-Kuva-2025-10-04-klo-15.17.01_69f49d66-1152x1536.jpg 1152w, https:\/\/www.pollarinmetsastysseura.fi\/wp-content\/uploads\/2025\/10\/WhatsApp-Kuva-2025-10-04-klo-15.17.01_69f49d66.jpg 1200w\" sizes=\"auto, (max-width: 768px) 100vw, 768px\" \/><\/figure>\n\n\n\n<figure class=\"wp-block-image size-large\"><img loading=\"lazy\" decoding=\"async\" width=\"768\" height=\"1024\" data-id=\"726\" src=\"https:\/\/www.pollarinmetsastysseura.fi\/wp-content\/uploads\/2025\/10\/WhatsApp-Kuva-2025-10-04-klo-15.17.00_cba624b4-1-768x1024.jpg\" alt=\"Hirviporukan k\u00f6kk\u00e4p\u00e4iv\u00e4 4.10.2025\" class=\"wp-image-726\" srcset=\"https:\/\/www.pollarinmetsastysseura.fi\/wp-content\/uploads\/2025\/10\/WhatsApp-Kuva-2025-10-04-klo-15.17.00_cba624b4-1-768x1024.jpg 768w, https:\/\/www.pollarinmetsastysseura.fi\/wp-content\/uploads\/2025\/10\/WhatsApp-Kuva-2025-10-04-klo-15.17.00_cba624b4-1-225x300.jpg 225w, https:\/\/www.pollarinmetsastysseura.fi\/wp-content\/uploads\/2025\/10\/WhatsApp-Kuva-2025-10-04-klo-15.17.00_cba624b4-1-1152x1536.jpg 1152w, https:\/\/www.pollarinmetsastysseura.fi\/wp-content\/uploads\/2025\/10\/WhatsApp-Kuva-2025-10-04-klo-15.17.00_cba624b4-1.jpg 1200w\" sizes=\"auto, (max-width: 768px) 100vw, 768px\" \/><\/figure>\n\n\n\n<figure class=\"wp-block-image size-large\"><img loading=\"lazy\" decoding=\"async\" width=\"768\" height=\"1024\" data-id=\"725\" src=\"https:\/\/www.pollarinmetsastysseura.fi\/wp-content\/uploads\/2025\/10\/WhatsApp-Kuva-2025-10-04-klo-15.17.00_cba624b4-768x1024.jpg\" alt=\"\" class=\"wp-image-725\" srcset=\"https:\/\/www.pollarinmetsastysseura.fi\/wp-content\/uploads\/2025\/10\/WhatsApp-Kuva-2025-10-04-klo-15.17.00_cba624b4-768x1024.jpg 768w, https:\/\/www.pollarinmetsastysseura.fi\/wp-content\/uploads\/2025\/10\/WhatsApp-Kuva-2025-10-04-klo-15.17.00_cba624b4-225x300.jpg 225w, https:\/\/www.pollarinmetsastysseura.fi\/wp-content\/uploads\/2025\/10\/WhatsApp-Kuva-2025-10-04-klo-15.17.00_cba624b4-1152x1536.jpg 1152w, https:\/\/www.pollarinmetsastysseura.fi\/wp-content\/uploads\/2025\/10\/WhatsApp-Kuva-2025-10-04-klo-15.17.00_cba624b4.jpg 1200w\" sizes=\"auto, (max-width: 768px) 100vw, 768px\" \/><\/figure>\n<\/figure>\n","protected":false},"excerpt":{"rendered":"","protected":false},"author":2,"featured_media":0,"parent":0,"menu_order":0,"comment_status":"closed","ping_status":"closed","template":"","meta":{"ngg_post_thumbnail":0,"footnotes":""},"class_list":["post-734","page","type-page","status-publish","hentry"],"_links":{"self":[{"href":"https:\/\/www.pollarinmetsastysseura.fi\/index.php\/wp-json\/wp\/v2\/pages\/734","targetHints":{"allow":["GET"]}}],"collection":[{"href":"https:\/\/www.pollarinmetsastysseura.fi\/index.php\/wp-json\/wp\/v2\/pages"}],"about":[{"href":"https:\/\/www.pollarinmetsastysseura.fi\/index.php\/wp-json\/wp\/v2\/types\/page"}],"author":[{"embeddable":true,"href":"https:\/\/www.pollarinmetsastysseura.fi\/index.php\/wp-json\/wp\/v2\/users\/2"}],"replies":[{"embeddable":true,"href":"https:\/\/www.pollarinmetsastysseura.fi\/index.php\/wp-json\/wp\/v2\/comments?post=734"}],"version-history":[{"count":1,"href":"https:\/\/www.pollarinmetsastysseura.fi\/index.php\/wp-json\/wp\/v2\/pages\/734\/revisions"}],"predecessor-version":[{"id":735,"href":"https:\/\/www.pollarinmetsastysseura.fi\/index.php\/wp-json\/wp\/v2\/pages\/734\/revisions\/735"}],"wp:attachment":[{"href":"https:\/\/www.pollarinmetsastysseura.fi\/index.php\/wp-json\/wp\/v2\/media?parent=734"}],"curies":[{"name":"wp","href":"https:\/\/api.w.org\/{rel}","templated":true}]}}