{"id":95,"date":"2020-01-05T21:46:03","date_gmt":"2020-01-05T19:46:03","guid":{"rendered":"http:\/\/testi.koiratuotteet.fi\/?page_id=95"},"modified":"2020-01-05T21:46:03","modified_gmt":"2020-01-05T19:46:03","slug":"esittely","status":"publish","type":"page","link":"https:\/\/www.pollarinmetsastysseura.fi\/","title":{"rendered":"Esittely"},"content":{"rendered":"<p>Pollarin Mets\u00e4stysseura r.y. on Alavus-T\u00f6ys\u00e4 riistanhoitoyhdistyksen alueella vire\u00e4sti toimiva mets\u00e4stysseura. Seura on perustettu vuonna 1955. Seuran tavoitteena ja johtoajatuksena on yhteisty\u00f6 maanomistajien ja Pollarin Mets\u00e4stysseura r.y:n j\u00e4senist\u00f6n parhaaksi.<\/p>\n<p>Seuran toimintamuotoina ovat luonnollisesti mets\u00e4stys, riistakannan- ja ymp\u00e4rist\u00f6n suojelu, valistustoiminta, ampuma- ja kilpaurheilu sek\u00e4 seuran toimintaan liittyv\u00e4 yhteis\u00f6toiminta.<\/p>\n<p>Seuralle on vuokrattu maanomistajilta mets\u00e4stysalueita n. 8.000 hehtaaria jotka sijaitsevat Pollarin ja Katteluskyl\u00e4n ja osia Salonkyl\u00e4n ja Tusan alueista. Vuokranantajina ovat yksityiset maanomistajat. Seuran kokonaisj\u00e4senm\u00e4\u00e4r\u00e4 on noin 130 henke\u00e4.<\/p>\n<p>Mets\u00e4stysmaja, Lintukota, lahtivaja ja ampumarata sijaitsee seuran omistamalla maa-alueella.<\/p>\n","protected":false},"excerpt":{"rendered":"<p>Pollarin Mets\u00e4stysseura r.y. on Alavus-T\u00f6ys\u00e4 riistanhoitoyhdistyksen alueella vire\u00e4sti toimiva mets\u00e4stysseura. Seura on perustettu vuonna 1955. Seuran tavoitteena ja johtoajatuksena on yhteisty\u00f6 maanomistajien ja Pollarin Mets\u00e4stysseura r.y:n j\u00e4senist\u00f6n parhaaksi. Seuran toimintamuotoina ovat luonnollisesti mets\u00e4stys, riistakannan- ja ymp\u00e4rist\u00f6n suojelu, valistustoiminta, ampuma- ja kilpaurheilu sek\u00e4 seuran toimintaan liittyv\u00e4 yhteis\u00f6toiminta. Seuralle on vuokrattu maanomistajilta mets\u00e4stysalueita n. 8.000 hehtaaria jotka &hellip; <a href=\"https:\/\/www.pollarinmetsastysseura.fi\/\" class=\"more-link\">Jatka lukemista <span class=\"screen-reader-text\">Esittely<\/span> <span class=\"meta-nav\">&rarr;<\/span><\/a><\/p>\n","protected":false},"author":1,"featured_media":0,"parent":0,"menu_order":0,"comment_status":"closed","ping_status":"closed","template":"","meta":{"ngg_post_thumbnail":0,"footnotes":""},"class_list":["post-95","page","type-page","status-publish","hentry"],"_links":{"self":[{"href":"https:\/\/www.pollarinmetsastysseura.fi\/index.php\/wp-json\/wp\/v2\/pages\/95","targetHints":{"allow":["GET"]}}],"collection":[{"href":"https:\/\/www.pollarinmetsastysseura.fi\/index.php\/wp-json\/wp\/v2\/pages"}],"about":[{"href":"https:\/\/www.pollarinmetsastysseura.fi\/index.php\/wp-json\/wp\/v2\/types\/page"}],"author":[{"embeddable":true,"href":"https:\/\/www.pollarinmetsastysseura.fi\/index.php\/wp-json\/wp\/v2\/users\/1"}],"replies":[{"embeddable":true,"href":"https:\/\/www.pollarinmetsastysseura.fi\/index.php\/wp-json\/wp\/v2\/comments?post=95"}],"version-history":[{"count":1,"href":"https:\/\/www.pollarinmetsastysseura.fi\/index.php\/wp-json\/wp\/v2\/pages\/95\/revisions"}],"predecessor-version":[{"id":96,"href":"https:\/\/www.pollarinmetsastysseura.fi\/index.php\/wp-json\/wp\/v2\/pages\/95\/revisions\/96"}],"wp:attachment":[{"href":"https:\/\/www.pollarinmetsastysseura.fi\/index.php\/wp-json\/wp\/v2\/media?parent=95"}],"curies":[{"name":"wp","href":"https:\/\/api.w.org\/{rel}","templated":true}]}}